{"id":766,"date":"2020-11-17T20:11:52","date_gmt":"2020-11-18T01:11:52","guid":{"rendered":"http:\/\/manuelconthe.com\/?page_id=766"},"modified":"2025-11-10T16:59:12","modified_gmt":"2025-11-10T21:59:12","slug":"resume-new","status":"publish","type":"page","link":"http:\/\/manuelconthe.com\/es\/resume-new\/","title":{"rendered":"CV"},"content":{"rendered":"<div class=\"wpb-content-wrapper\"><p>[vc_row][vc_column width=\u00bb1\/4&#8243;][vc_single_image image=\u00bb278&#8243; img_size=\u00bblarge\u00bb alignment=\u00bbcenter\u00bb][vc_row_inner][vc_column_inner width=\u00bb1\/2&#8243;][vc_column_text css=\u00bb\u00bb]<span style=\"color: #3d779b;\"><strong><a style=\"color: #3d779b;\" href=\"http:\/\/manuelconthe.com\/wp-content\/uploads\/2025\/09\/CV_2022_ES-4.pdf\" target=\"_blank\" rel=\"noopener noreferrer\">Descargar el CV completo<\/a><\/strong><\/span>[\/vc_column_text][\/vc_column_inner][vc_column_inner width=\u00bb1\/2&#8243;][vc_column_text]<\/p>\n<p style=\"text-align: right;\"><span style=\"color: #3d779b;\"><strong><a style=\"color: #3d779b;\" href=\"http:\/\/manuelconthe.com\/name\/manuel-conthe\/vcard\/\">vCard<\/a><\/strong><\/span><\/p>\n<p>[\/vc_column_text][\/vc_column_inner][\/vc_row_inner][vc_row_inner][vc_column_inner width=\u00bb1\/2&#8243;][vc_single_image image=\u00bb1043&#8243; img_size=\u00bbmedium\u00bb css=\u00bb\u00bb][\/vc_column_inner][vc_column_inner width=\u00bb1\/2&#8243;][vc_single_image image=\u00bb1042&#8243; img_size=\u00bbmedium\u00bb css=\u00bb\u00bb][\/vc_column_inner][\/vc_row_inner][\/vc_column][vc_column width=\u00bb3\/4&#8243;][vc_custom_heading text=\u00bbPresentaci\u00f3n\u00bb font_container=\u00bbtag:h2|text_align:left|color:%233d779b\u00bb google_fonts=\u00bbfont_family:Lato%3A100%2C100italic%2C300%2C300italic%2Cregular%2Citalic%2C700%2C700italic%2C900%2C900italic|font_style:400%20regular%3A400%3Anormal\u00bb][vc_separator type=\u00bbdotted\u00bb][vc_column_text css=\u00bb\u00bb]Manuel Conthe es \u00e1rbitro internacional espa\u00f1ol independiente. Abogado y economista, y antiguo regulador del mercado de valores, es un experto reconocido en finanzas, mercados energ\u00e9ticos, transacciones de fusiones y adquisiciones, valoraci\u00f3n de da\u00f1os y perjuicios y, de forma m\u00e1s general, litigios econ\u00f3micos y corporativos.<\/p>\n<p>Empez\u00f3 su carrera de \u00e1rbitro en el 2010 y ha participado ya en m\u00e1s de 50 arbitrajes. En febrero de 2020 fue designado por Espa\u00f1a miembro de la lista oficial de \u00e1rbitros del <span style=\"text-decoration: underline; color: #0000ff;\"><strong><a style=\"color: #0000ff; text-decoration: underline;\" href=\"https:\/\/icsid.worldbank.org\/en\/Pages\/about\/Database-of-Panel-Members.aspx#a18\" target=\"_blank\" rel=\"noopener noreferrer\">CIADI<\/a><\/strong><\/span>.<\/p>\n<p>Anteriormente, en calidad de funcionario del Reino de Espa\u00f1a, fue Director General de Transacciones e Inversiones extranjeras (1987-1988), Director General del Tesoro y Pol\u00edtica Financiera (1988-1995), Secretario de Estado de Econom\u00eda (1995-1996), Vice-presidente para el Sector Financiero en el Banco Mundial (1999-2002) y Presidente de la CNMV (2004-2007). Fue tambi\u00e9n Socio de una consultora financiera (2002-2004).<\/p>\n<p>Durante sus a\u00f1os en Bruselas (1996-1999) como Asesor Jefe de Asuntos Econ\u00f3micos y Comerciales en la Representaci\u00f3n Espa\u00f1ola ante la Uni\u00f3n Europea, estuvo muy implicado en negociaciones sobre comercio internacional e inversiones as\u00ed como en paneles de arbitraje de la Organizaci\u00f3n Mundial del Comercio (OMC).<\/p>\n<p>Es autor de tres libros sobre paradojas econ\u00f3micas y pol\u00edticas, teor\u00eda de juegos y sesgos cognitivos en derecho y econom\u00eda (\u201cBehavioral Law &amp; Economics\u201d).<\/p>\n<p>Manuel Conthe est\u00e1 reconocido por Chambers Global 2025 y Chambers Europe 2025 entre los \u00e1rbitros m\u00e1s demandados de Espa\u00f1a.<\/p>\n<p><span style=\"color: #407899;\"><strong>Idiomas:<\/strong> <\/span><\/p>\n<ul>\n<li><span style=\"color: #3d779b;\"><b><span style=\"color: #000000;\">Castellano:<\/span> <\/b><\/span>lengua madre<\/li>\n<li><span style=\"color: #000000;\"><b>Ingl\u00e9s: <\/b><\/span>dominio perfecto<\/li>\n<li><span style=\"color: #000000;\"><b>Franc\u00e9s: <\/b><\/span>fluido<\/li>\n<li><span style=\"color: #000000;\"><b>Alem\u00e1n: <\/b>perfecta comprensi\u00f3n escrita<\/span><\/li>\n<li><strong><span style=\"color: #000000;\"><span style=\"color: #000000;\">Portugu\u00e9s:\u00a0<\/span><\/span><\/strong><span style=\"color: #000000;\">perfecta comprensi\u00f3n escrita<\/span><\/li>\n<\/ul>\n<p>[\/vc_column_text][vc_empty_space][vc_custom_heading text=\u00bbProfesi\u00f3n\u00bb font_container=\u00bbtag:h2|text_align:left|color:%233d779b\u00bb google_fonts=\u00bbfont_family:Lato%3A100%2C100italic%2C300%2C300italic%2Cregular%2Citalic%2C700%2C700italic%2C900%2C900italic|font_style:400%20regular%3A400%3Anormal\u00bb][vc_separator type=\u00bbdotted\u00bb][vc_column_text css=\u00bb\u00bb]<\/p>\n<ul>\n<li>\u00c1rbitro independiente<\/li>\n<\/ul>\n<p>[\/vc_column_text][vc_empty_space][vc_custom_heading text=\u00bbEXPERIENCIA PROFESIONAL\u00bb font_container=\u00bbtag:h2|text_align:left|color:%233d779b\u00bb google_fonts=\u00bbfont_family:Lato%3A100%2C100italic%2C300%2C300italic%2Cregular%2Citalic%2C700%2C700italic%2C900%2C900italic|font_style:400%20regular%3A400%3Anormal\u00bb][vc_separator type=\u00bbdotted\u00bb][vc_column_text css=\u00bb\u00bb]<em>Feb. 2020 \u00a0 \u00a0<span style=\"color: #3d779b;\"><strong>Designado por Espa\u00f1a miembro de la lista oficial de \u00e1rbitros del CIADI\u00a0<\/strong><\/span><\/em><\/p>\n<p><em>Abr. 2018 \u2013 Feb. \u00a02022 \u00a0 \u00a0<span style=\"color: #3d779b;\"><span style=\"caret-color: #3d779b;\"><b>Consejero independiente de Unicaja Banco<\/b><\/span><\/span><\/em><\/p>\n<p><em>Dic. 2017 \u2013 Marzo 2019 \u00a0 \u00a0<span style=\"color: #3d779b;\"><strong>Presidente de la Corte Espa\u00f1ola de Arbitraje<\/strong><\/span><\/em><i><\/i><\/p>\n<p><em>Junio 2011 \u2013 Abril 2019 \u00a0 \u00a0<span style=\"color: #3d779b;\"><strong>Consejero independiente de Acerinox, empresa multinacional cotizada del sector del acero <\/strong><\/span><\/em><em>\u00a0<\/em><\/p>\n<p><i>Dic. 2007 \u2013 Feb. 2022 \u00a0 \u00a0<\/i><strong><span style=\"color: #3d779b;\"><i>Presidente del\u00a0<\/i><span style=\"caret-color: #3d779b;\"><i>Consejo<\/i><\/span><i>\u00a0Asesor de Expansi\u00f3n<\/i><\/span><\/strong><\/p>\n<p><i>Sept. 2009 \u2013 Marzo 2015 \u00a0 \u00a0\u00a0<\/i><span style=\"color: #3d779b;\"><b><i>Of-Counsel de Bird&amp;Bird LLP<\/i><\/b><\/span><\/p>\n<ul>\n<li style=\"text-align: justify;\">Empez\u00f3 su trabajo de \u00e1rbitro a finales del 2009 como Of-Counsel en la oficina de Madrid de Bird&amp;Bird LLP, despacho internacional que abandon\u00f3 \u00a0en marzo de 2015 para\u00a0que no le provocara conflictos de intereses como \u00e1rbitro.<\/li>\n<\/ul>\n<p><i>Oct. 2004 \u2013 Mayo 2007 \u00a0 \u00a0<\/i><span style=\"color: #3d779b;\"><b><i>Presidente de la Comisi\u00f3n Nacional del Mercado de Valores (CNMV)<\/i><\/b><\/span><\/p>\n<ul>\n<li>Presidente del Grupo de Trabajo que redact\u00f3 el C\u00f3digo Unificado de Buen Gobierno de Espa\u00f1a de 2006.<\/li>\n<li>Supervis\u00f3 la introducci\u00f3n en 2005 de las Normas Internacionales de Contabilidad (NIC\/NIIF) por las empresas espa\u00f1olas cotizadas en bolsa .<\/li>\n<li>Presidente de los Grupos de Trabajo de IOSCO sobre \u201cIndependencia del Consejo\u201d y \u201cProtecci\u00f3n de los\u00a0accionistas minoritarios\u201d.<\/li>\n<li>Miembro del Comit\u00e9 de Alto Nivel del Mercado El\u00e9ctrico Ib\u00e9rico.<\/li>\n<li>En mayo de 2007, dimiti\u00f3 por su desacuerdo con la decisi\u00f3n tomada a la mayor\u00eda por el Consejo de la CNMV en una OPA sobre la empresa el\u00e9ctrica espa\u00f1ola Endesa.<\/li>\n<\/ul>\n<p>Oct. 2002 \u2013 Oct. 2004 \u00a0 \u00a0 \u00a0 \u00a0 \u00a0<span style=\"color: #3d779b;\"><b><i>Socio de Analistas Financieros Internacionales (AFI)<\/i><\/b><\/span><\/p>\n<ul>\n<li>Direcci\u00f3n de proyectos de consultor\u00eda en Am\u00e9rica Latina y Europa del Este para el Banco Mundial, IFC y \u00a0BID sobre financiaci\u00f3n de proyectos de infraestructuras transnacionales, riesgos regulatorios en proyectos de inversi\u00f3n extranjera directa, reglamentaci\u00f3n financiera y financiaci\u00f3n de viviendas.<\/li>\n<li>Trabaj\u00f3 para Gobiernos Regionales espa\u00f1oles sobre \u00a0t\u00e9cnicas de\u00a0 Colaboraci\u00f3n P\u00fablico-Privadas (\u201cPPP\u201d) en el sector de la sanidad.<\/li>\n<\/ul>\n<p><i>Abril 1999 \u2013 Septiembre 2002 \u00a0 \u00a0 \u00a0<\/i><b><i><span style=\"color: #3d779b;\">Vice-Presidente del Banco Mundial<\/span>\u00a0<\/i><\/b><\/p>\n<ul>\n<li>Co-Presidente de la Red de Infraestructuras del Sector Financiero-Privado del Banco Mundial\u00a0 (FIPSI).<\/li>\n<li>Representaci\u00f3n del Banco Mundial en su \u201cForo de Estabilidad Financiera\u201d y miembro de su Grupo de trabajo sobre movimientos de capitales.<\/li>\n<li>Impulsor del \u201cPrograma de Evaluaci\u00f3n del Sector Financiero\u201d (FSAP) en estrecha colaboraci\u00f3n con el FMI.<\/li>\n<li>Promoci\u00f3n de un Programa especial de Asistencia T\u00e9cnica sobre desarrollo de los mercados dom\u00e9sticos de bonos.<\/li>\n<li>Representaci\u00f3n del Banco Mundial en la Conferencia de la AAOIFI-World Bank sobre Banca y Finanzas Isl\u00e1micas, a\u00f1o 2000.<\/li>\n<li>Como Asesor Especial del Gerente Financiero del Banco Mundial (julio 2001-septiembre 2002), colabor\u00f3 en la posici\u00f3n del Banco Mundial sobre el \u201cMecanismo de Reestructuraci\u00f3n de la Deuda Soberana\u201d del FMI y en la estrategia del Grupo Banco Mundial de promoci\u00f3n de inversiones extranjeras directas en econom\u00edas emergentes.<\/li>\n<\/ul>\n<p><i>Julio 1996 \u2013 Marzo 1999 \u00a0 \u00a0 \u00a0 \u00a0 \u00a0 <\/i><span style=\"color: #3d779b;\"><b><i>Asesor Jefe de Asuntos Econ\u00f3micos y Comerciales, Representaci\u00f3n Permanente Espa\u00f1ola en la UE\u00a0<\/i><\/b><\/span><\/p>\n<ul>\n<li>Representante Adjunto de Espa\u00f1a\u00a0 en el Comit\u00e9 de Pol\u00edtica Comercial de la UE (\u201cComit\u00e9 113\u201d) en Bruselas y, como tal, particip\u00f3 de forma indirecta en:\n<ul>\n<li>La negociaci\u00f3n en la OMC de los Acuerdos para suprimir los aranceles en los productos de tecnolog\u00eda de la informaci\u00f3n.<\/li>\n<li>Paneles de resoluci\u00f3n de litigios de la OMC que afectaban a la UE (ej. panel del pl\u00e1tano)<\/li>\n<li>Acuerdos Comerciales Preferenciales de la UE<\/li>\n<li>Preparaci\u00f3n de la \u201dRonda del Milenio\u201d (precursora de la \u201cRonda de Doha\u201d)<\/li>\n<li>Conflictos comerciales y negociaciones bilaterales UE-EE.UU. (ej. Ley Helms Burton)<\/li>\n<li>Negociaci\u00f3n en la OCDE del frustrado \u201cAcuerdo Multilateral de Inversiones\u201d (AMI)<\/li>\n<\/ul>\n<\/li>\n<li>Participaci\u00f3n, como parte de la delegaci\u00f3n espa\u00f1ola, en la primera Conferencia Ministerial de la OMC celebrada en Singapur en diciembre de 1996.<\/li>\n<\/ul>\n<p><i>Nov. 1995 \u2013 Mayo 1996 \u00a0 \u00a0 \u00a0\u00a0<\/i><b><i><span style=\"color: #3d779b;\">Secretario de Estado de Econom\u00eda<\/span>\u00a0<\/i><\/b><\/p>\n<ul>\n<li>Prepar\u00f3 las Conclusiones del Consejo Europeo de Madrid de diciembre de 1995 sobre el \u201cescenario para la introducci\u00f3n del euro\u201d<\/li>\n<li>Aprobaci\u00f3n de la titulizaci\u00f3n por las compa\u00f1\u00edas el\u00e9ctricas espa\u00f1olas de la \u201cmoratoria nuclear\u201d.<\/li>\n<li>Consejero \u00a0independiente de la SEPI, el holding industrial del Estado Espa\u00f1ol.<\/li>\n<\/ul>\n<p><i>Oct. 1988 \u2013 Nov. 1995 \u00a0 \u00a0 \u00a0<\/i><span style=\"color: #3d779b;\"><b><i>Director General del Tesoro y Pol\u00edtica Financiera del Reino de Espa\u00f1a\u00a0<\/i><\/b><\/span><\/p>\n<ul>\n<li>Responsable, como Director Financiero del Reino de Espa\u00f1a, de sus emisiones de deuda soberana, de los programas de derivados y de gesti\u00f3n de la liquidez. Impuls\u00f3 la modernizaci\u00f3n del mercado de deuda p\u00fablica dom\u00e9stica espa\u00f1ola.<\/li>\n<li>En estrecha colaboraci\u00f3n con el Banco de Espa\u00f1a, desarroll\u00f3:\n<ul>\n<li>El grupo de creadores de mercado (\u201cmarket makers\u201d) del Tesoro;<\/li>\n<li>La reglamentaci\u00f3n de los primeros mercados de futuros y opciones de Espa\u00f1a sobre bonos del Tesoro;<\/li>\n<li>El nuevo sistema de cuentas de particulares de valores \u00a0del Tesoro en el Banco de Espa\u00f1a \u00a0(\u201ccuentas directas\u201d);<\/li>\n<li>Un nuevo tipo de fondos de inversi\u00f3n que invierten principalmente en valores del Tesoro (\u201cFondtesoros\u201d).<\/li>\n<\/ul>\n<\/li>\n<li>Redacci\u00f3n de las principales leyes y normativa\u00a0 sobre banca y mercados financieros de ese per\u00edodo: Ley de Autonom\u00eda del Banco de Espa\u00f1a, la Ley de Titulizaci\u00f3n de Activos Financieros y la norma sobre mercados dom\u00e9sticos de futuros y opciones.<\/li>\n<li>Negociaci\u00f3n, como miembro del Comit\u00e9 Monetario de la UE, de la entrada de la peseta en el Sistema Monetario Europeo (junio de 1989) y sus sucesivas cuatro devaluaciones.<\/li>\n<li>Direcci\u00f3n de la delegaci\u00f3n espa\u00f1ola en la Conferencia de 1990 que cre\u00f3 el BERD.<\/li>\n<li>Direcci\u00f3n de la delegaci\u00f3n espa\u00f1ola en la Conferencia Inter-Gubernamental sobre la Uni\u00f3n Econ\u00f3mica y Monetaria en la que se negoci\u00f3 el Tratado de Maastricht de 1992.<\/li>\n<li>Miembro del Consejo del Banco de Espa\u00f1a y de la Comisi\u00f3n Nacional del Mercado de Valores (CNMV).<\/li>\n<li>Miembro del Consejo del Banco Europeo de Inversiones (BEI).<\/li>\n<\/ul>\n<p><i>Dec. 1986 \u2013 Oct. 1988 \u00a0 \u00a0 \u00a0<\/i><span style=\"color: #3d779b;\"><b><i>Director General de Transacciones e Inversiones Extranjeras\u00a0<\/i><\/b><\/span><\/p>\n<ul>\n<li>Presidente, como Director General\u00a0 de Transacciones Exteriores, del comit\u00e9 que verificaba y aprobaba todos los\u00a0 proyectos de inversi\u00f3n extranjera directa en Espa\u00f1a que involucraban una participaci\u00f3n mayoritaria extranjera.<\/li>\n<li>Direcci\u00f3n de la delegaci\u00f3n espa\u00f1ola en la conferencia de Washington de 1988\u00a0 que cre\u00f3\u00a0 la Agencia Multilateral de Garant\u00eda de Inversiones (MIGA).<\/li>\n<li>Consejero independiente del Banco Exterior y de Repsol Exploraci\u00f3n.<\/li>\n<\/ul>\n<p><i>Dec. 1984 \u2013 Dec. 1986 \u00a0 \u00a0 \u00a0 <span style=\"color: #3d779b;\"><strong>Subd<\/strong><\/span><\/i><i><span style=\"color: #3d779b;\"><strong>irector<\/strong><\/span><b style=\"color: #3d779b;\">\u00a0<span style=\"color: #3d779b;\">General<\/span> <strong><em>de Financiaci\u00f3n Exterior\u00a0<\/em><\/strong><\/b><\/i><\/p>\n<ul>\n<li>Gesti\u00f3n del endeudamiento externo de Espa\u00f1a y de sus relaciones con los mercados de capitales internacionales y las agencias de rating.<\/li>\n<li>Negociaci\u00f3n y gesti\u00f3n de los swaps de divisas y de tipos de inter\u00e9s del Reino de Espa\u00f1a.<\/li>\n<li>Control y supervisi\u00f3n de las operaciones de endeudamiento en divisas de las entidades p\u00fablicas espa\u00f1olas y de las empresas concesionarias de autopistas beneficiarias de una garant\u00eda de tipo\u00a0 de cambio.<\/li>\n<li>Creaci\u00f3n\u00a0 y supervisi\u00f3n del mercado de bonos extranjeros en pesetas\u00a0 (\u201cmercado matador\u201d).<\/li>\n<\/ul>\n<p><strong><span style=\"color: #3d779b;\"><i>1979 \u2013 1984\u00a0<\/i><\/span><\/strong><\/p>\n<ul>\n<li>1981-1984: Asistente T\u00e9cnico del Director Ejecutivo por Espa\u00f1a en el\u00a0 Banco Inter-Americano de Desarrollo (BID). Adem\u00e1s del trabajo de revisi\u00f3n\u00a0 de los proyectos de pr\u00e9stamos e inversiones financiados por el BID y presentados al Directorio Ejecutivo para su aprobaci\u00f3n, particip\u00f3\u00a0 en la negociaci\u00f3n de la quinta reconstituci\u00f3n del capital de la BID y en la creaci\u00f3n de la Corporaci\u00f3n Inter-Americana de Inversiones.<\/li>\n<li>1979-1981: Funcionario junior en el Ministerio de Comercio de Espa\u00f1a, encargado de la promoci\u00f3n comercial de exportaciones y de la verificaci\u00f3n de los proyectos de inversi\u00f3n extranjera directa\u00a0 en Espa\u00f1a.<\/li>\n<li>Diciembre de 1978: ingres\u00f3 por oposici\u00f3n en el\u00a0 Cuerpo de \u201cT\u00e9cnicos Comerciales del Estado\u201d del Ministerio de Comercio.<\/li>\n<\/ul>\n<p><span style=\"color: #3d779b;\"><b><span style=\"color: #3d779b;\">\u00c1REAS<\/span> DE ESPECIALIZACI\u00d3N PARTICULAR<\/b><\/span><\/p>\n<ul>\n<li>Mercados financieros (equity swaps , IRS y derivados, titulizaci\u00f3n, normas bancarias, seguros de cr\u00e9dito, NIIF, protecci\u00f3n de inversores y reclamaciones por operaciones fraudulentas, abuso de mercado)<\/li>\n<li>Regulaci\u00f3n de los mercados de electricidad y energ\u00eda y valoraci\u00f3n de empresas de electricidad y energ\u00eda<\/li>\n<li>Operaciones corporativas y conflictos societarios y de gobierno corporativo (valoraci\u00f3n de empresas y joint ventures; pactos de accionistas; litigios derivados de operaciones de fusiones y adquisiciones -M&amp;A- y OPAs; conflictos relativos a gobierno corporativo; responsabilidad de administradores; operaciones vinculadas)<\/li>\n<li>Inversiones extranjeras directas, incluyendo riesgos regulatorios, financiaci\u00f3n y cuestiones regulatorias.<\/li>\n<li>Colaboraciones P\u00fablico-Privadas (\u201cPublic-Private Partnerships\u201d)<\/li>\n<li>Cuestiones regulatorias y contractuales sobre divisas, tipos de cambio y moneda<\/li>\n<li>Acuerdos Bilaterales y multilaterales comerciales y Acuerdos de la OMC (GATT, GATS, TRIMS\u2026)<\/li>\n<\/ul>\n<p><span style=\"color: #3d779b;\"><b>PUBLICACIONES\u00a0<\/b><\/span><\/p>\n<ul>\n<li><span style=\"text-decoration: underline;\"><span style=\"color: #0000ff; text-decoration: underline;\"><em><strong><a style=\"color: #0000ff; text-decoration: underline;\" href=\"http:\/\/manuelconthe.com\/articles-on-arbitration\/\" target=\"_blank\" rel=\"noopener noreferrer\">Art\u00edculos relacionados con arbitraje<\/a><\/strong><\/em><\/span><\/span><\/li>\n<li><span style=\"text-decoration: underline;\"><span style=\"color: #0000ff; text-decoration: underline;\"><em><strong><a style=\"color: #0000ff; text-decoration: underline;\" href=\"http:\/\/www.expansion.com\/blogs\/conthe\" target=\"_blank\" rel=\"noopener noreferrer\">Blog<\/a><\/strong><\/em><\/span><\/span><\/li>\n<li><span style=\"text-decoration: underline;\"><span style=\"color: #0000ff; text-decoration: underline;\"><em><strong><a style=\"color: #0000ff; text-decoration: underline;\" href=\"http:\/\/manuelconthe.com\/books\/\" target=\"_blank\" rel=\"noopener noreferrer\">Libros<\/a><\/strong><\/em><\/span><\/span><\/li>\n<\/ul>\n<p><span style=\"color: #3d779b;\"><strong>OTRO<\/strong><\/span><em>\u00a0<\/em><\/p>\n<ul>\n<li>Miembro del Consejo de Administraci\u00f3n de Indexa Capital, un corredor de bolsa espa\u00f1ol que ofrece servicios de gesti\u00f3n pasiva de patrimonio por internet.<\/li>\n<\/ul>\n<p><span style=\"color: #3d779b;\"><b>FORMACI\u00d3N<\/b><\/span><\/p>\n<ul>\n<li>1971-1976 Licenciatura en Derecho por la Universidad Aut\u00f3noma de Madrid (UAM). Tesina de fin de carrera: Derechos Especiales de Giro (DEG).<\/li>\n<li>1976-1977 Beca de investigaci\u00f3n en Derecho Privado Internacional en la Universidad Aut\u00f3noma de Madrid (UAM) sobre la excepci\u00f3n de orden p\u00fablico.<\/li>\n<li>1971-1974 Estudios de Econom\u00eda (An\u00e1lisis Macroecon\u00f3mico) en la Universidad Complutense de Madrid (UCM).<\/li>\n<li>2001 Curso de formaci\u00f3n ejecutiva en el Harvard Business School.<\/li>\n<\/ul>\n<p><span style=\"color: #3d779b;\"><b>IDIOMAS\u00a0<\/b><\/span><\/p>\n<ul>\n<li><span style=\"color: #3d779b;\"><b><span style=\"color: #000000;\">Castellano:<\/span> <\/b><\/span>lengua madre<\/li>\n<li><span style=\"color: #000000;\"><b>Ingl\u00e9s: <\/b><\/span>dominio perfecto<\/li>\n<li><span style=\"color: #000000;\"><b>Franc\u00e9s: <\/b><\/span>fluido<\/li>\n<li><span style=\"color: #000000;\"><b>Alem\u00e1n: <\/b>perfecta comprensi\u00f3n escrita<\/span><\/li>\n<li><strong><span style=\"color: #000000;\"><span style=\"color: #000000;\">Portugu\u00e9s:\u00a0<\/span><\/span><\/strong><span style=\"color: #000000;\">perfecta comprensi\u00f3n escrita<\/span><\/li>\n<\/ul>\n<p>[\/vc_column_text][\/vc_column][\/vc_row]<\/p>\n<\/div>","protected":false},"excerpt":{"rendered":"<p>[vc_row][vc_column width=\u00bb1\/4&#8243;][vc_single_image image=\u00bb278&#8243; img_size=\u00bblarge\u00bb alignment=\u00bbcenter\u00bb][vc_row_inner][vc_column_inner width=\u00bb1\/2&#8243;][vc_column_text css=\u00bb\u00bb]Descargar el CV completo[\/vc_column_text][\/vc_column_inner][vc_column_inner width=\u00bb1\/2&#8243;][vc_column_text] vCard [\/vc_column_text][\/vc_column_inner][\/vc_row_inner][vc_row_inner][vc_column_inner width=\u00bb1\/2&#8243;][vc_single_image image=\u00bb1043&#8243; img_size=\u00bbmedium\u00bb css=\u00bb\u00bb][\/vc_column_inner][vc_column_inner width=\u00bb1\/2&#8243;][vc_single_image image=\u00bb1042&#8243; img_size=\u00bbmedium\u00bb css=\u00bb\u00bb][\/vc_column_inner][\/vc_row_inner][\/vc_column][vc_column width=\u00bb3\/4&#8243;][vc_custom_heading text=\u00bbPresentaci\u00f3n\u00bb font_container=\u00bbtag:h2|text_align:left|color:%233d779b\u00bb google_fonts=\u00bbfont_family:Lato%3A100%2C100italic%2C300%2C300italic%2Cregular%2Citalic%2C700%2C700italic%2C900%2C900italic|font_style:400%20regular%3A400%3Anormal\u00bb][vc_separator type=\u00bbdotted\u00bb][vc_column_text css=\u00bb\u00bb]Manuel Conthe es \u00e1rbitro internacional espa\u00f1ol independiente. Abogado y economista, y antiguo regulador del mercado de valores, es un experto reconocido en finanzas, mercados energ\u00e9ticos, transacciones de fusiones y [&hellip;]<\/p>\n","protected":false},"author":1,"featured_media":0,"parent":0,"menu_order":0,"comment_status":"closed","ping_status":"closed","template":"","meta":{"_et_pb_use_builder":"","_et_pb_old_content":"","_et_gb_content_width":"","_cbd_carousel_blocks":"[]"},"_links":{"self":[{"href":"http:\/\/manuelconthe.com\/es\/wp-json\/wp\/v2\/pages\/766"}],"collection":[{"href":"http:\/\/manuelconthe.com\/es\/wp-json\/wp\/v2\/pages"}],"about":[{"href":"http:\/\/manuelconthe.com\/es\/wp-json\/wp\/v2\/types\/page"}],"author":[{"embeddable":true,"href":"http:\/\/manuelconthe.com\/es\/wp-json\/wp\/v2\/users\/1"}],"replies":[{"embeddable":true,"href":"http:\/\/manuelconthe.com\/es\/wp-json\/wp\/v2\/comments?post=766"}],"version-history":[{"count":48,"href":"http:\/\/manuelconthe.com\/es\/wp-json\/wp\/v2\/pages\/766\/revisions"}],"predecessor-version":[{"id":1075,"href":"http:\/\/manuelconthe.com\/es\/wp-json\/wp\/v2\/pages\/766\/revisions\/1075"}],"wp:attachment":[{"href":"http:\/\/manuelconthe.com\/es\/wp-json\/wp\/v2\/media?parent=766"}],"curies":[{"name":"wp","href":"https:\/\/api.w.org\/{rel}","templated":true}]}}