{"id":96,"date":"2016-08-01T12:53:45","date_gmt":"2016-08-01T16:53:45","guid":{"rendered":"http:\/\/manuelconthe.com\/?page_id=96"},"modified":"2026-01-14T19:09:05","modified_gmt":"2026-01-15T00:09:05","slug":"96-2","status":"publish","type":"page","link":"http:\/\/manuelconthe.com\/es\/96-2\/","title":{"rendered":"Arbitrajes"},"content":{"rendered":"<div class=\"wpb-content-wrapper\"><p>[vc_row][vc_column][vc_column_text css=\u00bb\u00bb]<\/p>\n<p style=\"text-align: center;\">MANUEL CONTHE\u2019S ARBITRATION CASES (as of December 31, 2025)<\/p>\n<p>[\/vc_column_text][vc_single_image image=\u00bb1100&#8243; img_size=\u00bbfull\u00bb alignment=\u00bbcenter\u00bb css=\u00bb\u00bb][vc_column_text css=\u00bb\u00bb]1. CAM: Corte de Arbitraje de la C\u00e1mara de Comercio e Industria de Madrid. CCL: Corte de Arbitraje de la C\u00e1mara de Comercio de Lima CEA: Corte Espa\u00f1ola de Arbitraje (Madrid). CIAC: Centro Interamericana de Arbitraje Comercial. CIMA: Corte Civil y Mercantil (Madrid); ICC: Court of Arbitration of International Chamber of Commerce, Par\u00eds. ICSID: International Center for the Settlement of Investment Disputes. PCA: Permanent Court of Arbitration, The Hague.. TAB: Tribunal Arbitral de Barcelona. CIAM-CIAR: Corte Internacional de Arbitraje de Madrid-Corte Iberoamericana de Arbitraje. In green, international commercial arbitration cases. In yellow, investor-State disputes.<br \/>\n2. See <a href=\"https:\/\/pca-cpa.org\/en\/cases\/72\/\" target=\"_blank\" rel=\"noopener\" data-saferedirecturl=\"https:\/\/www.google.com\/url?q=https:\/\/pca-cpa.org\/en\/cases\/72\/&amp;source=gmail&amp;ust=1671232726926000&amp;usg=AOvVaw0CtzOjX6KxVaNVLM75FVbg\">https:\/\/pca-cpa.org\/en\/cases\/<wbr \/>72\/<\/a><br \/>\n3. See <a href=\"https:\/\/pca-cpa.org\/en\/cases\/111\/\" target=\"_blank\" rel=\"noopener\" data-saferedirecturl=\"https:\/\/www.google.com\/url?q=https:\/\/pca-cpa.org\/en\/cases\/111\/&amp;source=gmail&amp;ust=1671232726926000&amp;usg=AOvVaw0rEAQBU3nfyUw2MOK1ipTX\">https:\/\/pca-cpa.org\/en\/cases\/<wbr \/>111\/<\/a><br \/>\n4. See <a href=\"http:\/\/www.pge.gob.ec\/blogecuadortlc\/?page_id=225b.ec\" target=\"_blank\" rel=\"noopener\" data-saferedirecturl=\"https:\/\/www.google.com\/url?q=http:\/\/www.pge.gob.ec\/blogecuadortlc\/?page_id%3D225b.ec&amp;source=gmail&amp;ust=1671232726926000&amp;usg=AOvVaw0Pc9eInYLKUtkXWJTjNGK4\">http:\/\/www.pge.gob.ec\/<wbr \/>blogecuadortlc\/?page_id=225b.<wbr \/>ec<\/a><br \/>\n5. See <a href=\"https:\/\/files.lbr.cloud\/public\/2022-06\/Final%20award%20and%20partial%20dissenting%20opinions.pdf?VersionId=6Kzk9V3FE3h1BxGrUne.ZoJlrzvRM75\" target=\"_blank\" rel=\"noopener\" data-saferedirecturl=\"https:\/\/www.google.com\/url?q=https:\/\/files.lbr.cloud\/public\/2022-06\/Final%2520award%2520and%2520partial%2520dissenting%2520opinions.pdf?VersionId%3D6Kzk9V3FE3h1BxGrUne.ZoJlrzvRM75&amp;source=gmail&amp;ust=1671232726926000&amp;usg=AOvVaw12WbY5nF_7nYjgVhk2dCzF\">https:\/\/files.lbr.cloud\/<wbr \/>public\/2022-06\/Final%20award%<wbr \/>20and%20partial%20dissenting%<wbr \/>20opinions.pdf?VersionId=<wbr \/>6Kzk9V3FE3h1BxGrUne.<wbr \/>ZoJlrzvRM75<\/a><br \/>\n6. <a href=\"https:\/\/www.italaw.com\/sites\/default\/files\/case-documents\/180607.pdf\">https:\/\/www.italaw.com\/sites\/default\/files\/case-documents\/180607.pdf<\/a><br \/>\n7. <a href=\"https:\/\/icsidfiles.worldbank.org\/icsid\/ICSIDBLOBS\/OnlineAwards\/C9734\/DS20171_En.pdf\">https:\/\/icsidfiles.worldbank.org\/icsid\/ICSIDBLOBS\/OnlineAwards\/C9734\/DS20171_En.pdf<\/a>[\/vc_column_text][\/vc_column][\/vc_row]<\/p>\n<\/div>","protected":false},"excerpt":{"rendered":"<p>[vc_row][vc_column][vc_column_text css=\u00bb\u00bb] MANUEL CONTHE\u2019S ARBITRATION CASES (as of December 31, 2025) [\/vc_column_text][vc_single_image image=\u00bb1100&#8243; img_size=\u00bbfull\u00bb alignment=\u00bbcenter\u00bb css=\u00bb\u00bb][vc_column_text css=\u00bb\u00bb]1. CAM: Corte de Arbitraje de la C\u00e1mara de Comercio e Industria de Madrid. CCL: Corte de Arbitraje de la C\u00e1mara de Comercio de Lima CEA: Corte Espa\u00f1ola de Arbitraje (Madrid). CIAC: Centro Interamericana de Arbitraje Comercial. CIMA: Corte [&hellip;]<\/p>\n","protected":false},"author":1,"featured_media":0,"parent":0,"menu_order":0,"comment_status":"closed","ping_status":"closed","template":"","meta":{"_et_pb_use_builder":"","_et_pb_old_content":"","_et_gb_content_width":"","_cbd_carousel_blocks":"[]"},"_links":{"self":[{"href":"http:\/\/manuelconthe.com\/es\/wp-json\/wp\/v2\/pages\/96"}],"collection":[{"href":"http:\/\/manuelconthe.com\/es\/wp-json\/wp\/v2\/pages"}],"about":[{"href":"http:\/\/manuelconthe.com\/es\/wp-json\/wp\/v2\/types\/page"}],"author":[{"embeddable":true,"href":"http:\/\/manuelconthe.com\/es\/wp-json\/wp\/v2\/users\/1"}],"replies":[{"embeddable":true,"href":"http:\/\/manuelconthe.com\/es\/wp-json\/wp\/v2\/comments?post=96"}],"version-history":[{"count":104,"href":"http:\/\/manuelconthe.com\/es\/wp-json\/wp\/v2\/pages\/96\/revisions"}],"predecessor-version":[{"id":1101,"href":"http:\/\/manuelconthe.com\/es\/wp-json\/wp\/v2\/pages\/96\/revisions\/1101"}],"wp:attachment":[{"href":"http:\/\/manuelconthe.com\/es\/wp-json\/wp\/v2\/media?parent=96"}],"curies":[{"name":"wp","href":"https:\/\/api.w.org\/{rel}","templated":true}]}}