{"id":766,"date":"2020-11-17T20:11:52","date_gmt":"2020-11-18T01:11:52","guid":{"rendered":"http:\/\/manuelconthe.com\/?page_id=766"},"modified":"2025-11-10T16:59:12","modified_gmt":"2025-11-10T21:59:12","slug":"resume-new","status":"publish","type":"page","link":"http:\/\/manuelconthe.com\/fr\/resume-new\/","title":{"rendered":"CV"},"content":{"rendered":"<div class=\"wpb-content-wrapper\"><p>[vc_row][vc_column width=\u00a0\u00bb1\/4&Prime;][vc_single_image image=\u00a0\u00bb278&Prime; img_size=\u00a0\u00bblarge\u00a0\u00bb alignment=\u00a0\u00bbcenter\u00a0\u00bb][vc_row_inner][vc_column_inner width=\u00a0\u00bb1\/2&Prime;][vc_column_text css=\u00a0\u00bb\u00a0\u00bb]<span style=\"color: #3d779b;\"><strong><a style=\"color: #3d779b;\" href=\"http:\/\/manuelconthe.com\/wp-content\/uploads\/2025\/09\/CV_2022_FR-4.pdf\" target=\"_blank\" rel=\"noopener noreferrer\">Voir CV complet<\/a><\/strong><\/span>[\/vc_column_text][\/vc_column_inner][vc_column_inner width=\u00a0\u00bb1\/2&Prime;][vc_column_text]<\/p>\n<p style=\"text-align: right;\"><span style=\"color: #3d779b;\"><strong><a style=\"color: #3d779b;\" href=\"http:\/\/manuelconthe.com\/name\/manuel-conthe\/vcard\/\">vCard<\/a><\/strong><\/span><\/p>\n<p>[\/vc_column_text][\/vc_column_inner][\/vc_row_inner][vc_row_inner][vc_column_inner width=\u00a0\u00bb1\/2&Prime;][vc_single_image image=\u00a0\u00bb1043&Prime; img_size=\u00a0\u00bbmedium\u00a0\u00bb css=\u00a0\u00bb\u00a0\u00bb][\/vc_column_inner][vc_column_inner width=\u00a0\u00bb1\/2&Prime;][vc_single_image image=\u00a0\u00bb1042&Prime; img_size=\u00a0\u00bbmedium\u00a0\u00bb css=\u00a0\u00bb\u00a0\u00bb][\/vc_column_inner][\/vc_row_inner][\/vc_column][vc_column width=\u00a0\u00bb3\/4&Prime;][vc_custom_heading text=\u00a0\u00bbPresentation\u00a0\u00bb font_container=\u00a0\u00bbtag:h2|text_align:left|color:%233d779b\u00a0\u00bb google_fonts=\u00a0\u00bbfont_family:Lato%3A100%2C100italic%2C300%2C300italic%2Cregular%2Citalic%2C700%2C700italic%2C900%2C900italic|font_style:400%20regular%3A400%3Anormal\u00a0\u00bb][vc_separator type=\u00a0\u00bbdotted\u00a0\u00bb][vc_column_text css=\u00a0\u00bb\u00a0\u00bb]Manuel Conthe est un arbitre international ind\u00e9pendant.<\/p>\n<p>Avocat et \u00e9conomiste, et ancien r\u00e9gulateur des march\u00e9s financiers, c\u2019est un expert reconnu dans les secteurs de la finance, des march\u00e9s \u00e9nerg\u00e9tiques, des transactions de fusions et acquisitions, de l\u2019estimation des dommages-int\u00e9r\u00eats et, plus g\u00e9n\u00e9ralement, des litiges \u00e9conomiques et de l\u2019entreprise.<\/p>\n<p>Il a commenc\u00e9 sa carri\u00e8re en tant qu\u2019arbitre en 2010 et a d\u00e9j\u00e0 fait partie de plus de 50 panels. En f\u00e9vrier 2020, il a \u00e9t\u00e9 d\u00e9sign\u00e9 par l&rsquo;Espagne comme membre de la liste officielle des arbitres du <span style=\"text-decoration: underline; color: #0000ff;\"><strong><a style=\"color: #0000ff; text-decoration: underline;\" href=\"https:\/\/icsid.worldbank.org\/en\/Pages\/about\/Database-of-Panel-Members.aspx#a18\" target=\"_blank\" rel=\"noopener noreferrer\">CIRDI<\/a><\/strong><\/span>.\u200b<\/p>\n<p>Auparavant, en qualit\u00e9 de fonctionnaire du Royaume d\u2019Espagne, il fut Directeur G\u00e9n\u00e9ral des Transactions et Investissements Etrangers (1987-1988), Directeur G\u00e9n\u00e9ral du Tr\u00e9sor et de la Politique Financi\u00e8re (1988-1995), Secr\u00e9taire d\u2019Etat au Minist\u00e8re de l\u2019Economie (1995-1996), Vice-Pr\u00e9sident du Secteur Financier de la Banque Mondiale (1999-2002) et Pr\u00e9sident de l\u2019Autorit\u00e9 Espagnole des March\u00e9s Financiers (CNMV, 2004-2007). Il fut \u00e9galement Associ\u00e9 d\u2019une entreprise de consulting financier (2002-2004).<\/p>\n<p>Durant ses ann\u00e9es \u00e0 Bruxelles (1996-1999), en qualit\u00e9 de Conseiller Principal pour les Affaires Economiques et le Commerce de la Mission Espagnole de l\u2019Union Europ\u00e9enne, il s\u2019est impliqu\u00e9 de pr\u00e8s dans les n\u00e9gociations sur le commerce international et les investissements ainsi que dans les panels d\u2019arbitrage de l\u2019OMC.<\/p>\n<p>Il est l\u2019auteur de trois livres sur les paradoxes \u00e9conomiques et politiques, la th\u00e9orie du jeu et le droit et l\u2019\u00e9conomie comportementales (\u201cbehavioral Law &amp; Economics\u201d).<\/p>\n<p>Manuel Conthe est class\u00e9 par Chambers Global 2025 y Chambers Europe 2025 parmi les arbitres les plus recherch\u00e9s en Espagne.<\/p>\n<p><span style=\"color: #407899;\"><strong>Langues:<\/strong><span style=\"color: #000000;\">\u00a0<\/span><\/span><\/p>\n<ul>\n<li><strong>Espagnol:\u00a0<\/strong>langue maternelle<\/li>\n<li><strong>Anglais:<\/strong>\u00a0ma\u00eetrise parfaite<\/li>\n<li><strong>Fran\u00e7ais:\u00a0<\/strong>courant<\/li>\n<li><strong>Allemand:<\/strong> tr\u00e8s bonne compr\u00e9hension \u00e9crite<\/li>\n<li>\n<div dir=\"ltr\"><strong>Portugais:<\/strong> tr\u00e8s bonne compr\u00e9hension \u00e9crite<\/div>\n<\/li>\n<\/ul>\n<p>[\/vc_column_text][vc_empty_space][vc_custom_heading text=\u00a0\u00bbProfession\u00a0\u00bb font_container=\u00a0\u00bbtag:h2|text_align:left|color:%233d779b\u00a0\u00bb google_fonts=\u00a0\u00bbfont_family:Lato%3A100%2C100italic%2C300%2C300italic%2Cregular%2Citalic%2C700%2C700italic%2C900%2C900italic|font_style:400%20regular%3A400%3Anormal\u00a0\u00bb][vc_separator type=\u00a0\u00bbdotted\u00a0\u00bb][vc_column_text css=\u00a0\u00bb\u00a0\u00bb]<\/p>\n<ul>\n<li>Arbitre international. Il agit en tant qu\u2019arbitre, jamais en tant qu\u2019avocat, depuis son propre cabinet.<\/li>\n<\/ul>\n<p>[\/vc_column_text][vc_empty_space][vc_custom_heading text=\u00a0\u00bbEXPERIENCE PROFESSIONNELLE\u00a0\u00bb font_container=\u00a0\u00bbtag:h2|text_align:left|color:%233d779b\u00a0\u00bb google_fonts=\u00a0\u00bbfont_family:Lato%3A100%2C100italic%2C300%2C300italic%2Cregular%2Citalic%2C700%2C700italic%2C900%2C900italic|font_style:400%20regular%3A400%3Anormal\u00a0\u00bb][vc_separator type=\u00a0\u00bbdotted\u00a0\u00bb][vc_column_text css=\u00a0\u00bb\u00a0\u00bb]<em>Feb. 2020 \u00a0 \u00a0<span style=\"color: #3d779b;\"><strong>D\u00e9sign\u00e9 par l&rsquo;Espagne comme membre de la liste officielle des arbitres du CIRDI<\/strong><\/span><\/em><\/p>\n<p><em>Avr. 2018 \u2013 F\u00e9v. 2022 \u00a0 \u00a0<span style=\"color: #3d779b;\"><span style=\"caret-color: #3d779b;\"><b>Administrateur non-ex\u00e9cutif ind\u00e9pendant de Unicaja Banco<\/b><\/span><\/span><\/em><\/p>\n<p><em>D\u00e9c. 2017 \u2013 Mars 2019 \u00a0 \u00a0<span style=\"color: #3d779b;\"><strong>Pr\u00e9sident du Tribunal d&rsquo;Arbitrage Espagnol<\/strong><\/span><\/em><\/p>\n<p><i>Juin 2011 \u2013 Avril 2019 \u00a0 \u00a0<\/i><strong><span style=\"color: #3d779b;\"><i>Conseiller ind\u00e9pendant d&rsquo;Acerinox, multinationale du secteur de l&rsquo; acier\u00a0<\/i><span style=\"caret-color: #3d779b;\"><i>c\u00f4t\u00e9<\/i><\/span><i>\u00a0en bourse.<\/i><\/span><\/strong><\/p>\n<p><i>D\u00e9c. 2007 \u2013 F\u00e9vrier 2022 \u00a0 \u00a0<\/i><strong><i style=\"color: #3d779b;\">Pr\u00e9sident du\u00a0<\/i><span style=\"color: #3d779b;\"><span style=\"caret-color: #3d779b;\"><i>Comit\u00e9<\/i><\/span><\/span><i style=\"color: #3d779b;\">\u00a0<\/i><span style=\"color: #3d779b;\"><span style=\"caret-color: #3d779b;\"><i>Consultatif<\/i><\/span><\/span><i style=\"color: #3d779b;\">\u00a0d&rsquo;Expansi\u00f3n\u00a0<\/i><\/strong><\/p>\n<p><em>Sept. 2009 \u2013 Mars 2015<\/em>\u00a0\u00a0\u00a0\u00a0\u00a0\u00a0\u00a0\u00a0<span style=\"color: #3d779b;\"><strong><em>Of-Counsel chez Bird&amp;Bird<\/em><\/strong><\/span><\/p>\n<ul>\n<li style=\"text-align: justify;\">D\u00e9but de son travail d\u2019arbitre fin 2009 en tant qu\u2019Of-Counsel chez Bird&amp;Bird LLP Madrid, un poste qu\u2019il abandonnera en mars 2015 pour \u00e9viter les conflits d\u2019int\u00e9r\u00eats li\u00e9s \u00e0 ses arbitrages.<\/li>\n<\/ul>\n<p><em>Oct. 2004 \u2013 Mai 2007<\/em>\u00a0\u00a0\u00a0\u00a0\u00a0\u00a0\u00a0\u00a0<span style=\"color: #3d779b;\"><strong><em>Pr\u00e9sident de l\u2019Autorit\u00e9 Espagnole des March\u00e9s Financiers (CNMV)<\/em><\/strong><\/span><\/p>\n<ul>\n<li>Pr\u00e9side le Groupe de Travail qui \u00e9labora le Code de Gouvernement d\u2019Entreprise Espagnol en 2006.<\/li>\n<li><\/li>\n<li>Supervision de l\u2019introduction en 2005 de la norme comptable IAS-IFRS par les entreprises espagnoles cot\u00e9es en bourse.<\/li>\n<li>Pr\u00e9side les Groupes de Travaux de l\u2019IOSCO sur \u201cl\u2019ind\u00e9pendance des Conseils d\u2019Administration\u201c et la \u201cProtection des actionnaires minoritaires\u201c.<\/li>\n<li>Membre du Comit\u00e9 de Haut Niveau du\u00a0 March\u00e9 Electrique Ib\u00e9rique.<\/li>\n<li>En mai 2007, d\u00e9mission due au d\u00e9saccord au sujet d\u2019une d\u00e9cision \u00e0 la majorit\u00e9 prise par le Conseil d\u2019Administration de la CNMV relative \u00e0 l\u2019Offre Publique d\u2019Achat de l\u2019entreprise publique d\u2019\u00e9lectricit\u00e9 Endesa.<\/li>\n<\/ul>\n<p>Oct. 2002 \u2013 Oct. 2004\u00a0\u00a0\u00a0\u00a0\u00a0\u00a0\u00a0\u00a0<strong><em>\u00a0<span style=\"color: #3d779b;\">Associ\u00e9, Analistas Financieros Internacionales (AFI)<\/span><\/em><\/strong><\/p>\n<ul>\n<li>Direction de projets de conseil en Am\u00e9rique Latine et en Europe de l\u2019Est pour la Banque Mondiale, l\u2019IFC et la BID sur le financement de projets d\u2019infrastructures transnationales, de risques li\u00e9s \u00e0 la r\u00e9glementation sur des projets d\u2019IDE, de r\u00e9glementation financi\u00e8re et de financement de logements.<\/li>\n<li>Travail pour les Gouvernements R\u00e9gionaux Espagnols sur les techniques de collaboration Publiques-Priv\u00e9es (PPP) dans le secteur de la sant\u00e9.<\/li>\n<\/ul>\n<p><em>Avril 1999 \u2013 Septembre 2002\u00a0\u00a0<\/em><strong>\u00a0\u00a0\u00a0\u00a0\u00a0\u00a0<\/strong><span style=\"color: #3d779b;\"><strong><em>Vice-Pr\u00e9sident de la Banque Mondiale (World Bank)<\/em><\/strong><\/span><\/p>\n<ul>\n<li>Co-pr\u00e9sidence du R\u00e9seau Infrastructure,\u00a0 Secteur Financier-Priv\u00e9 (FPSI) de la Banque Mondiale.<\/li>\n<li>Repr\u00e9sentant de la Banque Mondiale dans le \u201cForum de Stabilit\u00e9 Financi\u00e8re\u201d et membre de son groupe de travail sur les mouvements de capitaux.<\/li>\n<li>En \u00e9troite collaboration avec le FMI, d\u00e9ploiement du \u201cProgramme d\u2019\u00c9valuation du Secteur Financier\u201d (FSAP).<\/li>\n<li>Promotion d\u2019un Programme Sp\u00e9cial d\u2019Assistance Technique sur le d\u00e9veloppement des march\u00e9s obligataires internationaux.<\/li>\n<li>Repr\u00e9sentation de la Banque Mondiale pendant la Conf\u00e9rence sur la Banque et la Finance Islamiques de la AAOIFI-World Bank, 2000.<\/li>\n<li>En qualit\u00e9 de Conseiller Sp\u00e9cial du Directeur Financier de la Banque Mondiale (Juillet 2001-Septembre 2002), collaboration au \u00ab M\u00e9canisme de Restructuration de la Dette Souveraine \u00bb du FMI et travail sur la strat\u00e9gie du Groupe Banque Mondiale de promotion des investissements \u00e9trangers directs dans les pays \u00e9mergeants.<\/li>\n<\/ul>\n<p><em>Juillet 1996 \u2013 Mars 1999\u00a0\u00a0\u00a0<\/em><strong>\u00a0\u00a0\u00a0\u00a0\u00a0\u00a0\u00a0<\/strong><span style=\"color: #3d779b;\"><b><i>Conseiller Economique et Commercial en Chef, Repr\u00e9sentation Permanente \u00a0<\/i><\/b><b><i>Espagnole aupr\u00e8s de l\u2019UE<\/i><\/b><\/span><\/p>\n<ul>\n<li>Repr\u00e9sentant Adjoint de l\u2019Espagne au Comit\u00e9 de Politique Commerciale de l\u2019UE (\u201cComit\u00e9 113\u201d) \u00e0 Bruxelles et, en tant que tel, implication (indirecte) dans:\n<ul>\n<li>N\u00e9gociation \u00e0 l\u2019OMC des Accords ATI pour supprimer les droits de douane sur les produits des\u00a0Technologies de l\u2019Information<\/li>\n<li>Panels de r\u00e9solution de litiges de l\u2019OMC affectant\u00a0 l\u2019UE (exemple: panel de la banane)<\/li>\n<li>Accords Commerciaux Pr\u00e9f\u00e9rentiels de l\u2019UE.<\/li>\n<li>Pr\u00e9paration du \u201cCycle du Mill\u00e9naire\u201d (le pr\u00e9curseur du \u201cCycle Doha\u201d)<\/li>\n<li>Litiges commerciaux bilat\u00e9raux UE-USA et n\u00e9gociations (exemple : Loi Helms Burton)<\/li>\n<li>N\u00e9gociations de l\u2019OCDE sur l\u2019\u00ab Accord Multilat\u00e9ral sur l\u2019Investissement \u00bb avort\u00e9 (AMI).<\/li>\n<\/ul>\n<\/li>\n<li>Participation, en tant que membre de la d\u00e9l\u00e9gation espagnole, \u00e0 la premi\u00e8re Conf\u00e9rence Minist\u00e9rielle de l\u2019OMC qui s\u2019est d\u00e9roul\u00e9e \u00e0 Singapour en d\u00e9cembre 1996.<\/li>\n<\/ul>\n<p><em>Nov. 1995 \u2013 Mai 1996<\/em><strong>\u00a0\u00a0\u00a0\u00a0\u00a0\u00a0\u00a0\u00a0<\/strong><span style=\"color: #3d779b;\"><strong><em>Secr\u00e9taire d\u2019Etat au Minist\u00e8re de l\u2019Economie (\u201cSecretario de Estado de Econom\u00eda\u201d)\u00a0<\/em><\/strong><\/span><\/p>\n<ul>\n<li>Lors du Conseil Europ\u00e9en de Madrid en d\u00e9cembre 1995, pr\u00e9paration\u00a0 des Conclusions sur le \u201dsc\u00e9nario pour l\u2019introduction de l\u2019euro\u201d.<\/li>\n<li>Approbation de la titrisation par les entreprises espagnoles distributrices d\u2019\u00e9lectricit\u00e9 du \u00ab moratoire nucl\u00e9aire \u00bb.<\/li>\n<li>Conseiller ind\u00e9pendant de la SEPI, la soci\u00e9t\u00e9 de portefeuille publique industrielle espagnole.<\/li>\n<\/ul>\n<p><em>Oct. 1988 \u2013 Nov. 1995\u00a0 \u00a0<\/em><strong>\u00a0\u00a0\u00a0\u00a0\u00a0<\/strong><span style=\"color: #3d779b;\"><strong><em>Directeur G\u00e9n\u00e9ral du Tr\u00e9sor et de la Politique Financi\u00e8re<\/em><\/strong><\/span><\/p>\n<ul>\n<li>En qualit\u00e9 de Directeur Financier du Royaume d\u2019Espagne, responsable de ses\u00a0 emprunts souverains, des programmes de produits d\u00e9riv\u00e9s et de gestion de la tr\u00e9sorerie, et r\u00f4le principal dans la modernisation du march\u00e9 espagnol de la dette publique.<\/li>\n<li>En \u00e9troite collaboration avec la banque d\u2019Espagne, d\u00e9veloppement:\n<ul>\n<li>Du groupe de sp\u00e9cialistes du march\u00e9 du Tr\u00e9sor (\u00ab market makers \u00bb);<\/li>\n<li>De la r\u00e9glementation des premiers march\u00e9s de futures et d\u2019options sur les obligations d\u2019Etat en pesetas;<\/li>\n<li>Du nouveau syst\u00e8me de comptes personnels de valeurs du Tr\u00e9sor\u00a0 \u00e0 la Banque d\u2019Espagne\u00a0 (\u201ccuentas\u00a0directas\u201d);<\/li>\n<li>D\u2019un nouveau type de fond mutuel\u00a0 investissant principalement dans les valeurs du Tr\u00e9sor\u00a0(\u201cFondtesoros\u201d)<\/li>\n<\/ul>\n<\/li>\n<li>R\u00e9daction de toutes les r\u00e9glementations et lois sur les march\u00e9s bancaires et financiers, dont la Loi sur l\u2019Autonomie (la palabra se corta as\u00ed : Auto-nomie) de la Banque d\u2019Espagne, la Loi sur la Titrisation des Actifs Financiers et la r\u00e9glementation sur les march\u00e9s nationaux de futures et d\u2019options.<\/li>\n<li>En tant que membre du Comit\u00e9 Mon\u00e9taire de l\u2019UE, n\u00e9gociation de l\u2019entr\u00e9e de la peseta dans le Syst\u00e8me Mon\u00e9taire Europ\u00e9en (juin 1989) et de ses quatre d\u00e9valuations ult\u00e9rieures.<\/li>\n<li>Direction de la d\u00e9l\u00e9gation espagnole \u00e0 la Conf\u00e9rence de 1990 qui cr\u00e9a la BERD.<\/li>\n<li>Direction de la d\u00e9l\u00e9gation espagnole \u00e0 la Conf\u00e9rence Intergouvernementale sur l\u2019Union Economique et\u00a0 Mon\u00e9taire de 1991 durant laquelle on n\u00e9gocia le Trait\u00e9 de Maastricht de 1992.<\/li>\n<li>Membre du Conseil de la Banque d\u2019Espagne et de l\u2019Autorit\u00e9 Espagnole des March\u00e9s Financiers (CNMV).<\/li>\n<li>Membre du Conseil de la Banque Europ\u00e9enne d\u2019Investissement (BEI).<\/li>\n<\/ul>\n<p><em>Dec. 1986 \u2013 Oct. 1988\u00a0<\/em>\u00a0\u00a0\u00a0\u00a0\u00a0\u00a0\u00a0<span style=\"color: #3d779b;\"><strong><em>Directeur G\u00e9n\u00e9ral des Transactions &amp; Investissements Etrangers<\/em><\/strong><\/span><\/p>\n<ul>\n<li>En qualit\u00e9 de Directeur\u00a0 G\u00e9n\u00e9ral\u00a0 des Transactions Ext\u00e9rieures, pr\u00e9sidence du comit\u00e9 de v\u00e9rification et d\u2019approbation de tous les principaux projets d\u2019IDE impliquant une participation \u00e9trang\u00e8re majoritaire.<\/li>\n<li>Direction de la d\u00e9l\u00e9gation espagnole \u00e0 la conf\u00e9rence de Washington de 1998 qui a conduit \u00e0 la cr\u00e9ation de l\u2019agence Multilat\u00e9rale de Garantie des Investissements (AMGI).<\/li>\n<li>Directeur non-ex\u00e9cutif de Banco Exterior et de Repsol Exploraci\u00f3n.<\/li>\n<\/ul>\n<p><em>Dec. 1984 \u2013 Dec. 1986\u00a0\u00a0<\/em>\u00a0\u00a0\u00a0\u00a0\u00a0\u00a0<span style=\"color: #3d779b;\"><b><i>Sous-Directeur G\u00e9n\u00e9ral du Financement Ext\u00e9rieur<\/i><\/b><\/span><\/p>\n<ul>\n<li>En tant que directeur financier adjoint du Royaume d\u2019Espagne, direction des emprunts \u00e9trangers espagnols et de leurs relations avec les march\u00e9s de capitaux internationaux et les agences de rating.<\/li>\n<li>N\u00e9gociation et direction des swaps de devises et de taux d\u2019int\u00e9r\u00eats du Royaume.<\/li>\n<li>Contr\u00f4le et supervision des op\u00e9rations d\u2019endettement en devises par les entit\u00e9s publiques espagnoles et des\u00a0 soci\u00e9t\u00e9s d\u2019autoroutes b\u00e9n\u00e9ficiant d\u2019une garantie contre le risque de change.<\/li>\n<li>Promotion et supervision du march\u00e9 \u00e9tranger des obligations en peseta (\u201cmercado matador\u201d).<\/li>\n<\/ul>\n<p><strong><span style=\"color: #3d779b;\"><em>1979 \u2013\u00a0<span style=\"color: #3d779b;\">1984<\/span><\/em><\/span><\/strong><\/p>\n<ul>\n<li>1981-1984 Assistant Technique du Directeur Ex\u00e9cutif de la Banque Inter-Am\u00e9ricaine de D\u00e9veloppement (BID). En plus de la\u00a0 r\u00e9vision de tous les projets de pr\u00eats et d\u2019investissements financ\u00e9s par la BID et soumis au Conseil d\u2019Administration pour approbation, grande implication dans la n\u00e9gociation de la\u00a0 cinqui\u00e8me reconstitution du capital de la BID et la cr\u00e9ation \u00e9tablissement (la palabra se corta as\u00ed : \u00e9tablis-sement) de la Corporation Inter-Am\u00e9ricaine d\u2019Investissement.<\/li>\n<li>1979-1981 Fonctionnaire junior au Minist\u00e8re du Commerce d\u2019Espagne, en charge de la promotion commerciale des exportations et des v\u00e9rifications des projets d\u2019IDE en Espagne.<\/li>\n<li>En d\u00e9cembre 1978, incorporation dans le \u00ab Corps Sp\u00e9cial des Economistes du Gouvernement \u00bb (\u201cT\u00e9cnicos Comerciales y Economistas del Estado\u201d) du Minist\u00e8re du Commerce.<\/li>\n<\/ul>\n<p><span style=\"color: #3d779b;\"><strong>DOMAINES DE COMPETENCES PARTICULIERES\u00a0<\/strong><\/span><\/p>\n<ul>\n<li>March\u00e9s financiers (swaps d\u2019actions, de taux d\u2019int\u00e9r\u00eats et produits d\u00e9riv\u00e9s, titrisation, r\u00e9glementations bancaires, assurance de cr\u00e9dit, normes IFRS, rapports comptables et financiers; protection de l\u2019investisseur et r\u00e9clamations pour ventes abusives, abus de march\u00e9)<\/li>\n<li>R\u00e9glementation des march\u00e9s de l\u2019\u00e9lectricit\u00e9 et de l\u2019\u00e9nergie et estimation d\u2019entreprises des secteurs de l\u2019\u00e9lectricit\u00e9 et de l\u2019\u00e9nergie<\/li>\n<li>Transactions d\u2019entreprises et gouvernance (estimation d\u2019entreprises et de joint ventures, pactes d\u2019actionnaires, litiges de fusions &amp; acquisitions et de rachats d\u2019entreprises; probl\u00e8mes de gouvernance d\u2019entreprises, obligations fiduciaires des administrateurs, op\u00e9rations entre apparent\u00e9s)<\/li>\n<li>Investissements \u00e9trangers directs, incluant les risques li\u00e9s \u00e0 la r\u00e9glementation, le financement et la r\u00e9glementation<\/li>\n<li>Partenariats Public-Priv\u00e9<\/li>\n<li>L\u00e9gislations mon\u00e9taire et sur les devises \u00e9trang\u00e8res &amp; clauses contractuelles mon\u00e9taires<\/li>\n<li>Droit du commerce international\u00a0 et Accords de l\u2019OMC (GATT, AGCS, MIC\u2026)<\/li>\n<\/ul>\n<p><span style=\"color: #3d779b;\"><strong>PUBLICATIONS<\/strong><\/span><\/p>\n<ul>\n<li><span style=\"text-decoration: underline;\"><span style=\"color: #0000ff; text-decoration: underline;\"><strong><a style=\"color: #0000ff; text-decoration: underline;\" href=\"http:\/\/manuelconthe.com\/articles-on-arbitration\/\" target=\"_blank\" rel=\"noopener noreferrer\"><i>Articles<\/i><\/a><\/strong><\/span><\/span><\/li>\n<li><span style=\"text-decoration: underline;\"><span style=\"color: #0000ff; text-decoration: underline;\"><strong><a style=\"color: #0000ff; text-decoration: underline;\" href=\"http:\/\/www.expansion.com\/blogs\/conthe\" target=\"_blank\" rel=\"noopener noreferrer\"><i>Blog<\/i><\/a><\/strong><\/span><\/span><\/li>\n<li><span style=\"color: #0000ff;\"><strong><i><a style=\"color: #0000ff;\" href=\"http:\/\/manuelconthe.com\/books\/\" target=\"_blank\" rel=\"noopener noreferrer\"><span style=\"text-decoration: underline;\">Livres<\/span><\/a><\/i><\/strong><\/span><\/li>\n<\/ul>\n<p><span style=\"color: #3d779b;\"><em><strong>AUTRES<\/strong><\/em><\/span><\/p>\n<ul>\n<li style=\"text-align: justify;\">Membre du Conseil d\u2019Administration d\u2019Indexa Capital, un courtier en valeurs mobili\u00e8res espagnol offrant\u00a0 des services de gestion passive de patrimoine par internet.<\/li>\n<\/ul>\n<p><span style=\"color: #3d779b;\"><strong>FORMATION<\/strong><\/span><\/p>\n<ul>\n<li>1971-1976 Ma\u00eetrise de Droit de l\u2019<em>Universidad Aut\u00f3noma de Madrid<\/em> (UAM). M\u00e9moire de fin d\u2019\u00e9tudes: Les Droits de Tirages Sp\u00e9ciaux (DTS).<\/li>\n<li>1976-1977 Bourse de recherche en Droit International Priv\u00e9 \u00e0 l\u2019<em>Universidad Aut\u00f3noma de Madrid<\/em> (UAM) sur l\u2019exception d\u2019ordre public.<\/li>\n<li>1971-1974 Etudes \u00a0d\u2019Economie (Analyse macro\u00e9conomique) \u00e0 l\u2019<em>Universidad Complutense de Madrid<\/em> (UCM).<\/li>\n<li>2001 Executive Education Program, Harvard Business School.<\/li>\n<\/ul>\n<p><span style=\"color: #3d779b;\"><strong>LANGUES<\/strong><\/span><\/p>\n<ul>\n<li><strong>Espagnol:\u00a0<\/strong>langue maternelle<\/li>\n<li><strong>Anglais:<\/strong>\u00a0ma\u00eetrise parfaite<\/li>\n<li><strong>Fran\u00e7ais:\u00a0<\/strong>courant<\/li>\n<li><strong>Allemand:<\/strong> tr\u00e8s bonne compr\u00e9hension \u00e9crite<\/li>\n<li>\n<div dir=\"ltr\"><strong>Portugais:<\/strong> tr\u00e8s bonne compr\u00e9hension \u00e9crite<\/div>\n<\/li>\n<\/ul>\n<p>[\/vc_column_text][\/vc_column][\/vc_row]<\/p>\n<\/div>","protected":false},"excerpt":{"rendered":"<p>[vc_row][vc_column width=\u00a0\u00bb1\/4&Prime;][vc_single_image image=\u00a0\u00bb278&Prime; img_size=\u00a0\u00bblarge\u00a0\u00bb alignment=\u00a0\u00bbcenter\u00a0\u00bb][vc_row_inner][vc_column_inner width=\u00a0\u00bb1\/2&Prime;][vc_column_text css=\u00a0\u00bb\u00a0\u00bb]Voir CV complet[\/vc_column_text][\/vc_column_inner][vc_column_inner width=\u00a0\u00bb1\/2&Prime;][vc_column_text] vCard [\/vc_column_text][\/vc_column_inner][\/vc_row_inner][vc_row_inner][vc_column_inner width=\u00a0\u00bb1\/2&Prime;][vc_single_image image=\u00a0\u00bb1043&Prime; img_size=\u00a0\u00bbmedium\u00a0\u00bb css=\u00a0\u00bb\u00a0\u00bb][\/vc_column_inner][vc_column_inner width=\u00a0\u00bb1\/2&Prime;][vc_single_image image=\u00a0\u00bb1042&Prime; img_size=\u00a0\u00bbmedium\u00a0\u00bb css=\u00a0\u00bb\u00a0\u00bb][\/vc_column_inner][\/vc_row_inner][\/vc_column][vc_column width=\u00a0\u00bb3\/4&Prime;][vc_custom_heading text=\u00a0\u00bbPresentation\u00a0\u00bb font_container=\u00a0\u00bbtag:h2|text_align:left|color:%233d779b\u00a0\u00bb google_fonts=\u00a0\u00bbfont_family:Lato%3A100%2C100italic%2C300%2C300italic%2Cregular%2Citalic%2C700%2C700italic%2C900%2C900italic|font_style:400%20regular%3A400%3Anormal\u00a0\u00bb][vc_separator type=\u00a0\u00bbdotted\u00a0\u00bb][vc_column_text css=\u00a0\u00bb\u00a0\u00bb]Manuel Conthe est un arbitre international ind\u00e9pendant. Avocat et \u00e9conomiste, et ancien r\u00e9gulateur des march\u00e9s financiers, c\u2019est un expert reconnu dans les secteurs de la finance, des march\u00e9s \u00e9nerg\u00e9tiques, des [&hellip;]<\/p>\n","protected":false},"author":1,"featured_media":0,"parent":0,"menu_order":0,"comment_status":"closed","ping_status":"closed","template":"","meta":{"_et_pb_use_builder":"","_et_pb_old_content":"","_et_gb_content_width":"","_cbd_carousel_blocks":"[]"},"_links":{"self":[{"href":"http:\/\/manuelconthe.com\/fr\/wp-json\/wp\/v2\/pages\/766"}],"collection":[{"href":"http:\/\/manuelconthe.com\/fr\/wp-json\/wp\/v2\/pages"}],"about":[{"href":"http:\/\/manuelconthe.com\/fr\/wp-json\/wp\/v2\/types\/page"}],"author":[{"embeddable":true,"href":"http:\/\/manuelconthe.com\/fr\/wp-json\/wp\/v2\/users\/1"}],"replies":[{"embeddable":true,"href":"http:\/\/manuelconthe.com\/fr\/wp-json\/wp\/v2\/comments?post=766"}],"version-history":[{"count":48,"href":"http:\/\/manuelconthe.com\/fr\/wp-json\/wp\/v2\/pages\/766\/revisions"}],"predecessor-version":[{"id":1075,"href":"http:\/\/manuelconthe.com\/fr\/wp-json\/wp\/v2\/pages\/766\/revisions\/1075"}],"wp:attachment":[{"href":"http:\/\/manuelconthe.com\/fr\/wp-json\/wp\/v2\/media?parent=766"}],"curies":[{"name":"wp","href":"https:\/\/api.w.org\/{rel}","templated":true}]}}